{"id":6498,"date":"2017-06-19T05:41:37","date_gmt":"2017-06-19T03:41:37","guid":{"rendered":"https:\/\/agusticarmona.es\/index.php\/home\/"},"modified":"2023-10-23T18:18:05","modified_gmt":"2023-10-23T16:18:05","slug":"conferencias","status":"publish","type":"page","link":"https:\/\/agusticarmona.es\/index.php\/conferencias\/","title":{"rendered":"Conferencias"},"content":{"rendered":"\t\t<div data-elementor-type=\"wp-post\" data-elementor-id=\"6498\" class=\"elementor elementor-6498\">\n\t\t\t\t\t\t\t\t\t<section class=\"elementor-section elementor-top-section elementor-element elementor-element-6de79f31 elementor-section-height-min-height elementor-section-boxed elementor-section-height-default elementor-section-items-middle\" data-id=\"6de79f31\" data-element_type=\"section\" data-settings=\"{&quot;background_background&quot;:&quot;classic&quot;,&quot;animation&quot;:&quot;none&quot;}\">\n\t\t\t\t\t\t\t<div class=\"elementor-background-overlay\"><\/div>\n\t\t\t\t\t\t\t<div class=\"elementor-container elementor-column-gap-no\">\n\t\t\t\t\t<div class=\"elementor-column elementor-col-100 elementor-top-column elementor-element elementor-element-d5184a\" data-id=\"d5184a\" data-element_type=\"column\">\n\t\t\t<div class=\"elementor-widget-wrap elementor-element-populated\">\n\t\t\t\t\t\t\t\t<div class=\"elementor-element elementor-element-6e51f925 elementor-widget elementor-widget-heading\" data-id=\"6e51f925\" data-element_type=\"widget\" data-widget_type=\"heading.default\">\n\t\t\t\t<div class=\"elementor-widget-container\">\n\t\t\t<style>\/*! elementor - v3.16.0 - 20-09-2023 *\/\n.elementor-heading-title{padding:0;margin:0;line-height:1}.elementor-widget-heading .elementor-heading-title[class*=elementor-size-]>a{color:inherit;font-size:inherit;line-height:inherit}.elementor-widget-heading .elementor-heading-title.elementor-size-small{font-size:15px}.elementor-widget-heading .elementor-heading-title.elementor-size-medium{font-size:19px}.elementor-widget-heading .elementor-heading-title.elementor-size-large{font-size:29px}.elementor-widget-heading .elementor-heading-title.elementor-size-xl{font-size:39px}.elementor-widget-heading .elementor-heading-title.elementor-size-xxl{font-size:59px}<\/style><h4 class=\"elementor-heading-title elementor-size-default\">POR EL MUNDO EN MOTO<\/h4>\t\t<\/div>\n\t\t\t\t<\/div>\n\t\t\t\t<div class=\"elementor-element elementor-element-3a5956fc elementor-widget elementor-widget-heading\" data-id=\"3a5956fc\" data-element_type=\"widget\" data-settings=\"{&quot;_animation&quot;:&quot;none&quot;}\" data-widget_type=\"heading.default\">\n\t\t\t\t<div class=\"elementor-widget-container\">\n\t\t\t<h1 class=\"elementor-heading-title elementor-size-default\">CONFERENCIAS VIAJERAS<\/h1>\t\t<\/div>\n\t\t\t\t<\/div>\n\t\t\t\t<div class=\"elementor-element elementor-element-bf31a88 elementor-widget elementor-widget-text-editor\" data-id=\"bf31a88\" data-element_type=\"widget\" data-widget_type=\"text-editor.default\">\n\t\t\t\t<div class=\"elementor-widget-container\">\n\t\t\t<style>\/*! elementor - v3.16.0 - 20-09-2023 *\/\n.elementor-widget-text-editor.elementor-drop-cap-view-stacked .elementor-drop-cap{background-color:#69727d;color:#fff}.elementor-widget-text-editor.elementor-drop-cap-view-framed .elementor-drop-cap{color:#69727d;border:3px solid;background-color:transparent}.elementor-widget-text-editor:not(.elementor-drop-cap-view-default) .elementor-drop-cap{margin-top:8px}.elementor-widget-text-editor:not(.elementor-drop-cap-view-default) .elementor-drop-cap-letter{width:1em;height:1em}.elementor-widget-text-editor .elementor-drop-cap{float:left;text-align:center;line-height:1;font-size:50px}.elementor-widget-text-editor .elementor-drop-cap-letter{display:inline-block}<\/style>\t\t\t\t<strong>Soy una\u00a0mezcla\u00a0de todas las personas que he conocido a lo largo y ancho de la geograf\u00eda.<\/strong>\t\t\t\t\t\t<\/div>\n\t\t\t\t<\/div>\n\t\t\t\t<div class=\"elementor-element elementor-element-4a42020 elementor-align-center e-transform e-transform elementor-widget elementor-widget-button\" data-id=\"4a42020\" data-element_type=\"widget\" data-settings=\"{&quot;_transform_scale_effect_hover&quot;:{&quot;unit&quot;:&quot;px&quot;,&quot;size&quot;:0.9,&quot;sizes&quot;:[]},&quot;_transform_scale_effect&quot;:{&quot;unit&quot;:&quot;px&quot;,&quot;size&quot;:&quot;&quot;,&quot;sizes&quot;:[]},&quot;_transform_scale_effect_tablet&quot;:{&quot;unit&quot;:&quot;px&quot;,&quot;size&quot;:&quot;&quot;,&quot;sizes&quot;:[]},&quot;_transform_scale_effect_mobile&quot;:{&quot;unit&quot;:&quot;px&quot;,&quot;size&quot;:&quot;&quot;,&quot;sizes&quot;:[]},&quot;_transform_scale_effect_hover_tablet&quot;:{&quot;unit&quot;:&quot;px&quot;,&quot;size&quot;:&quot;&quot;,&quot;sizes&quot;:[]},&quot;_transform_scale_effect_hover_mobile&quot;:{&quot;unit&quot;:&quot;px&quot;,&quot;size&quot;:&quot;&quot;,&quot;sizes&quot;:[]}}\" data-widget_type=\"button.default\">\n\t\t\t\t<div class=\"elementor-widget-container\">\n\t\t\t\t\t<div class=\"elementor-button-wrapper\">\n\t\t\t<a class=\"elementor-button elementor-button-link elementor-size-sm\" href=\"https:\/\/agusticarmona.es\/index.php\/contacto\/\">\n\t\t\t\t\t\t<span class=\"elementor-button-content-wrapper\">\n\t\t\t\t\t\t<span class=\"elementor-button-text\">Contacto<\/span>\n\t\t<\/span>\n\t\t\t\t\t<\/a>\n\t\t<\/div>\n\t\t\t\t<\/div>\n\t\t\t\t<\/div>\n\t\t\t\t\t<\/div>\n\t\t<\/div>\n\t\t\t\t\t\t\t<\/div>\n\t\t<\/section>\n\t\t<div class=\"elementor-element elementor-element-4aeb6ba e-flex e-con-boxed e-con e-parent\" data-id=\"4aeb6ba\" data-element_type=\"container\" data-settings=\"{&quot;content_width&quot;:&quot;boxed&quot;}\" data-core-v316-plus=\"true\">\n\t\t\t\t\t<div class=\"e-con-inner\">\n\t\t<div class=\"elementor-element elementor-element-e54e41c e-con-full e-flex e-con e-child\" data-id=\"e54e41c\" data-element_type=\"container\" data-settings=\"{&quot;content_width&quot;:&quot;full&quot;}\">\n\t\t\t\t<div class=\"elementor-element elementor-element-bbe0886 elementor-widget elementor-widget-heading\" data-id=\"bbe0886\" data-element_type=\"widget\" data-widget_type=\"heading.default\">\n\t\t\t\t<div class=\"elementor-widget-container\">\n\t\t\t<h2 class=\"elementor-heading-title elementor-size-default\">MOTIVACI\u00d3N VIAJERA<\/h2>\t\t<\/div>\n\t\t\t\t<\/div>\n\t\t\t\t<div class=\"elementor-element elementor-element-ab1a7b2 elementor-widget elementor-widget-text-editor\" data-id=\"ab1a7b2\" data-element_type=\"widget\" data-widget_type=\"text-editor.default\">\n\t\t\t\t<div class=\"elementor-widget-container\">\n\t\t\t\t\t\t\t<p>Me gusta considerarme parte de esta parcela a la que llamamos tierra.<\/p><p>Parcela que me encanta recorrer en moto, aunque en el fondo sigo siendo ese ni\u00f1o, algo rebelde para los estudios que so\u00f1aba con viajar a pa\u00edses lejanos en clase de matem\u00e1ticas y que dibujaba arco-iris en los libros de lengua.<\/p>\t\t\t\t\t\t<\/div>\n\t\t\t\t<\/div>\n\t\t\t\t<div class=\"elementor-element elementor-element-70b0c61 elementor-align-center e-transform e-transform elementor-widget elementor-widget-button\" data-id=\"70b0c61\" data-element_type=\"widget\" data-settings=\"{&quot;_transform_scale_effect_hover&quot;:{&quot;unit&quot;:&quot;px&quot;,&quot;size&quot;:0.9,&quot;sizes&quot;:[]},&quot;_transform_scale_effect&quot;:{&quot;unit&quot;:&quot;px&quot;,&quot;size&quot;:&quot;&quot;,&quot;sizes&quot;:[]},&quot;_transform_scale_effect_tablet&quot;:{&quot;unit&quot;:&quot;px&quot;,&quot;size&quot;:&quot;&quot;,&quot;sizes&quot;:[]},&quot;_transform_scale_effect_mobile&quot;:{&quot;unit&quot;:&quot;px&quot;,&quot;size&quot;:&quot;&quot;,&quot;sizes&quot;:[]},&quot;_transform_scale_effect_hover_tablet&quot;:{&quot;unit&quot;:&quot;px&quot;,&quot;size&quot;:&quot;&quot;,&quot;sizes&quot;:[]},&quot;_transform_scale_effect_hover_mobile&quot;:{&quot;unit&quot;:&quot;px&quot;,&quot;size&quot;:&quot;&quot;,&quot;sizes&quot;:[]}}\" data-widget_type=\"button.default\">\n\t\t\t\t<div class=\"elementor-widget-container\">\n\t\t\t\t\t<div class=\"elementor-button-wrapper\">\n\t\t\t<a class=\"elementor-button elementor-button-link elementor-size-sm\" href=\"https:\/\/agusticarmona.es\/index.php\/contacto\/\">\n\t\t\t\t\t\t<span class=\"elementor-button-content-wrapper\">\n\t\t\t\t\t\t<span class=\"elementor-button-text\">contacto<\/span>\n\t\t<\/span>\n\t\t\t\t\t<\/a>\n\t\t<\/div>\n\t\t\t\t<\/div>\n\t\t\t\t<\/div>\n\t\t\t\t<\/div>\n\t\t<div class=\"elementor-element elementor-element-1e436b6 e-con-full e-flex e-con e-child\" data-id=\"1e436b6\" data-element_type=\"container\" data-settings=\"{&quot;content_width&quot;:&quot;full&quot;}\">\n\t\t\t\t<div class=\"elementor-element elementor-element-313f649 elementor-widget elementor-widget-image\" data-id=\"313f649\" data-element_type=\"widget\" data-widget_type=\"image.default\">\n\t\t\t\t<div class=\"elementor-widget-container\">\n\t\t\t<style>\/*! elementor - v3.16.0 - 20-09-2023 *\/\n.elementor-widget-image{text-align:center}.elementor-widget-image a{display:inline-block}.elementor-widget-image a img[src$=\".svg\"]{width:48px}.elementor-widget-image img{vertical-align:middle;display:inline-block}<\/style>\t\t\t\t\t\t\t\t\t\t\t\t<img loading=\"lazy\" decoding=\"async\" width=\"1024\" height=\"656\" src=\"https:\/\/agusticarmona.es\/wp-content\/uploads\/2023\/10\/vlcsnap-2022-07-07-09h50m20s620-e1696665756612-1024x656.png\" class=\"attachment-large size-large wp-image-7125\" alt=\"Conferencias viajeras\" srcset=\"https:\/\/agusticarmona.es\/wp-content\/uploads\/2023\/10\/vlcsnap-2022-07-07-09h50m20s620-e1696665756612-1024x656.png 1024w, https:\/\/agusticarmona.es\/wp-content\/uploads\/2023\/10\/vlcsnap-2022-07-07-09h50m20s620-e1696665756612-300x192.png 300w, https:\/\/agusticarmona.es\/wp-content\/uploads\/2023\/10\/vlcsnap-2022-07-07-09h50m20s620-e1696665756612-768x492.png 768w, https:\/\/agusticarmona.es\/wp-content\/uploads\/2023\/10\/vlcsnap-2022-07-07-09h50m20s620-e1696665756612-600x384.png 600w, https:\/\/agusticarmona.es\/wp-content\/uploads\/2023\/10\/vlcsnap-2022-07-07-09h50m20s620-e1696665756612.png 1334w\" sizes=\"auto, (max-width: 1024px) 100vw, 1024px\" \/>\t\t\t\t\t\t\t\t\t\t\t\t\t\t\t<\/div>\n\t\t\t\t<\/div>\n\t\t\t\t<\/div>\n\t\t\t\t\t<\/div>\n\t\t\t\t<\/div>\n\t\t<div class=\"elementor-element elementor-element-34feb5b e-flex e-con-boxed e-con e-parent\" data-id=\"34feb5b\" data-element_type=\"container\" data-settings=\"{&quot;background_background&quot;:&quot;classic&quot;,&quot;content_width&quot;:&quot;boxed&quot;}\" data-core-v316-plus=\"true\">\n\t\t\t\t\t<div class=\"e-con-inner\">\n\t\t<div class=\"elementor-element elementor-element-5b128ad e-con-full e-flex e-con e-child\" data-id=\"5b128ad\" data-element_type=\"container\" data-settings=\"{&quot;content_width&quot;:&quot;full&quot;}\">\n\t\t\t\t<\/div>\n\t\t<div class=\"elementor-element elementor-element-1b9c57d e-con-full e-flex e-con e-child\" data-id=\"1b9c57d\" data-element_type=\"container\" data-settings=\"{&quot;content_width&quot;:&quot;full&quot;}\">\n\t\t<div class=\"elementor-element elementor-element-00ae923 e-con-full e-flex e-con e-child\" data-id=\"00ae923\" data-element_type=\"container\" data-settings=\"{&quot;content_width&quot;:&quot;full&quot;}\">\n\t\t\t\t<div class=\"elementor-element elementor-element-731f62d elementor-widget elementor-widget-heading\" data-id=\"731f62d\" data-element_type=\"widget\" data-widget_type=\"heading.default\">\n\t\t\t\t<div class=\"elementor-widget-container\">\n\t\t\t<h2 class=\"elementor-heading-title elementor-size-default\">EXPERIENCIAS COMPARTIDAS<\/h2>\t\t<\/div>\n\t\t\t\t<\/div>\n\t\t\t\t<div class=\"elementor-element elementor-element-bb89e99 elementor-widget elementor-widget-text-editor\" data-id=\"bb89e99\" data-element_type=\"widget\" data-widget_type=\"text-editor.default\">\n\t\t\t\t<div class=\"elementor-widget-container\">\n\t\t\t\t\t\t\t<p>Ese chiquillo rebelde que se escapaba so\u00f1ando en horas de clase, ahora peina canas y usa un cuerpo algo m\u00e1s gastado a causa de los a\u00f1os transcurridos pero mantiene firme la creencia que hay que disfrutar de todo lo que la vida nos regala.<\/p>\t\t\t\t\t\t<\/div>\n\t\t\t\t<\/div>\n\t\t\t\t<div class=\"elementor-element elementor-element-0a4ac51 elementor-align-center e-transform e-transform elementor-widget elementor-widget-button\" data-id=\"0a4ac51\" data-element_type=\"widget\" data-settings=\"{&quot;_transform_scale_effect_hover&quot;:{&quot;unit&quot;:&quot;px&quot;,&quot;size&quot;:0.9,&quot;sizes&quot;:[]},&quot;_transform_scale_effect&quot;:{&quot;unit&quot;:&quot;px&quot;,&quot;size&quot;:&quot;&quot;,&quot;sizes&quot;:[]},&quot;_transform_scale_effect_tablet&quot;:{&quot;unit&quot;:&quot;px&quot;,&quot;size&quot;:&quot;&quot;,&quot;sizes&quot;:[]},&quot;_transform_scale_effect_mobile&quot;:{&quot;unit&quot;:&quot;px&quot;,&quot;size&quot;:&quot;&quot;,&quot;sizes&quot;:[]},&quot;_transform_scale_effect_hover_tablet&quot;:{&quot;unit&quot;:&quot;px&quot;,&quot;size&quot;:&quot;&quot;,&quot;sizes&quot;:[]},&quot;_transform_scale_effect_hover_mobile&quot;:{&quot;unit&quot;:&quot;px&quot;,&quot;size&quot;:&quot;&quot;,&quot;sizes&quot;:[]}}\" data-widget_type=\"button.default\">\n\t\t\t\t<div class=\"elementor-widget-container\">\n\t\t\t\t\t<div class=\"elementor-button-wrapper\">\n\t\t\t<a class=\"elementor-button elementor-button-link elementor-size-sm\" href=\"https:\/\/agusticarmona.es\/index.php\/contacto\/\">\n\t\t\t\t\t\t<span class=\"elementor-button-content-wrapper\">\n\t\t\t\t\t\t<span class=\"elementor-button-text\">Contacto<\/span>\n\t\t<\/span>\n\t\t\t\t\t<\/a>\n\t\t<\/div>\n\t\t\t\t<\/div>\n\t\t\t\t<\/div>\n\t\t\t\t<\/div>\n\t\t\t\t<\/div>\n\t\t\t\t\t<\/div>\n\t\t\t\t<\/div>\n\t\t\t\t\t\t\t<\/div>\n\t\t","protected":false},"excerpt":{"rendered":"<p>POR EL MUNDO EN MOTO CONFERENCIAS VIAJERAS Soy una\u00a0mezcla\u00a0de todas las personas que he conocido a lo largo y ancho de la geograf\u00eda. Contacto MOTIVACI\u00d3N VIAJERA Me gusta considerarme parte de esta parcela a la que llamamos tierra. Parcela que me encanta recorrer en moto, aunque en el fondo sigo siendo ese ni\u00f1o, algo rebelde [&hellip;]<\/p>\n","protected":false},"author":1,"featured_media":0,"parent":0,"menu_order":0,"comment_status":"closed","ping_status":"closed","template":"","meta":{"_uag_custom_page_level_css":"","site-sidebar-layout":"no-sidebar","site-content-layout":"page-builder","ast-site-content-layout":"","site-content-style":"default","site-sidebar-style":"default","ast-global-header-display":"","ast-banner-title-visibility":"","ast-main-header-display":"","ast-hfb-above-header-display":"","ast-hfb-below-header-display":"","ast-hfb-mobile-header-display":"","site-post-title":"disabled","ast-breadcrumbs-content":"","ast-featured-img":"disabled","footer-sml-layout":"","theme-transparent-header-meta":"enabled","adv-header-id-meta":"","stick-header-meta":"","header-above-stick-meta":"","header-main-stick-meta":"","header-below-stick-meta":"","astra-migrate-meta-layouts":"default","ast-page-background-enabled":"default","ast-page-background-meta":{"desktop":{"background-color":"","background-image":"","background-repeat":"repeat","background-position":"center center","background-size":"auto","background-attachment":"scroll","background-type":"","background-media":"","overlay-type":"","overlay-color":"","overlay-gradient":""},"tablet":{"background-color":"","background-image":"","background-repeat":"repeat","background-position":"center center","background-size":"auto","background-attachment":"scroll","background-type":"","background-media":"","overlay-type":"","overlay-color":"","overlay-gradient":""},"mobile":{"background-color":"","background-image":"","background-repeat":"repeat","background-position":"center center","background-size":"auto","background-attachment":"scroll","background-type":"","background-media":"","overlay-type":"","overlay-color":"","overlay-gradient":""}},"ast-content-background-meta":{"desktop":{"background-color":"var(--ast-global-color-5)","background-image":"","background-repeat":"repeat","background-position":"center center","background-size":"auto","background-attachment":"scroll","background-type":"","background-media":"","overlay-type":"","overlay-color":"","overlay-gradient":""},"tablet":{"background-color":"var(--ast-global-color-5)","background-image":"","background-repeat":"repeat","background-position":"center center","background-size":"auto","background-attachment":"scroll","background-type":"","background-media":"","overlay-type":"","overlay-color":"","overlay-gradient":""},"mobile":{"background-color":"var(--ast-global-color-5)","background-image":"","background-repeat":"repeat","background-position":"center center","background-size":"auto","background-attachment":"scroll","background-type":"","background-media":"","overlay-type":"","overlay-color":"","overlay-gradient":""}},"footnotes":""},"class_list":["post-6498","page","type-page","status-publish","hentry"],"yoast_head":"<!-- This site is optimized with the Yoast SEO plugin v21.4 - https:\/\/yoast.com\/wordpress\/plugins\/seo\/ -->\n<title>Conferencias - Agust\u00ed Carmona<\/title>\n<meta name=\"robots\" content=\"index, follow, max-snippet:-1, max-image-preview:large, max-video-preview:-1\" \/>\n<link rel=\"canonical\" href=\"https:\/\/agusticarmona.es\/index.php\/conferencias\/\" \/>\n<meta property=\"og:locale\" content=\"es_ES\" \/>\n<meta property=\"og:type\" content=\"article\" \/>\n<meta property=\"og:title\" content=\"Conferencias - Agust\u00ed Carmona\" \/>\n<meta property=\"og:description\" content=\"POR EL MUNDO EN MOTO CONFERENCIAS VIAJERAS Soy una\u00a0mezcla\u00a0de todas las personas que he conocido a lo largo y ancho de la geograf\u00eda. Contacto MOTIVACI\u00d3N VIAJERA Me gusta considerarme parte de esta parcela a la que llamamos tierra. Parcela que me encanta recorrer en moto, aunque en el fondo sigo siendo ese ni\u00f1o, algo rebelde [&hellip;]\" \/>\n<meta property=\"og:url\" content=\"https:\/\/agusticarmona.es\/index.php\/conferencias\/\" \/>\n<meta property=\"og:site_name\" content=\"Agust\u00ed Carmona\" \/>\n<meta property=\"article:modified_time\" content=\"2023-10-23T16:18:05+00:00\" \/>\n<meta property=\"og:image\" content=\"https:\/\/agusticarmona.es\/wp-content\/uploads\/2023\/10\/vlcsnap-2022-07-07-09h50m20s620-e1696665756612-1024x656.png\" \/>\n<meta name=\"twitter:card\" content=\"summary_large_image\" \/>\n<meta name=\"twitter:label1\" content=\"Tiempo de lectura\" \/>\n\t<meta name=\"twitter:data1\" content=\"1 minuto\" \/>\n<script type=\"application\/ld+json\" class=\"yoast-schema-graph\">{\"@context\":\"https:\/\/schema.org\",\"@graph\":[{\"@type\":\"WebPage\",\"@id\":\"https:\/\/agusticarmona.es\/index.php\/conferencias\/\",\"url\":\"https:\/\/agusticarmona.es\/index.php\/conferencias\/\",\"name\":\"Conferencias - Agust\u00ed Carmona\",\"isPartOf\":{\"@id\":\"https:\/\/agusticarmona.es\/#website\"},\"datePublished\":\"2017-06-19T03:41:37+00:00\",\"dateModified\":\"2023-10-23T16:18:05+00:00\",\"inLanguage\":\"es\",\"potentialAction\":[{\"@type\":\"ReadAction\",\"target\":[\"https:\/\/agusticarmona.es\/index.php\/conferencias\/\"]}]},{\"@type\":\"WebSite\",\"@id\":\"https:\/\/agusticarmona.es\/#website\",\"url\":\"https:\/\/agusticarmona.es\/\",\"name\":\"Agust\u00ed Carmona\",\"description\":\"Viajando en moto por el mundo\",\"publisher\":{\"@id\":\"https:\/\/agusticarmona.es\/#\/schema\/person\/4a10fd4f25c9be529f75cdd962f516b9\"},\"alternateName\":\"Viajando en moto por el mundo\",\"potentialAction\":[{\"@type\":\"SearchAction\",\"target\":{\"@type\":\"EntryPoint\",\"urlTemplate\":\"https:\/\/agusticarmona.es\/?s={search_term_string}\"},\"query-input\":\"required name=search_term_string\"}],\"inLanguage\":\"es\"},{\"@type\":[\"Person\",\"Organization\"],\"@id\":\"https:\/\/agusticarmona.es\/#\/schema\/person\/4a10fd4f25c9be529f75cdd962f516b9\",\"name\":\"Agusti Carmona\",\"image\":{\"@type\":\"ImageObject\",\"inLanguage\":\"es\",\"@id\":\"https:\/\/agusticarmona.es\/#\/schema\/person\/image\/\",\"url\":\"https:\/\/secure.gravatar.com\/avatar\/1f72779a1f8eaa480fc086ed1efc95f7?s=96&d=mm&r=g\",\"contentUrl\":\"https:\/\/secure.gravatar.com\/avatar\/1f72779a1f8eaa480fc086ed1efc95f7?s=96&d=mm&r=g\",\"caption\":\"Agusti Carmona\"},\"logo\":{\"@id\":\"https:\/\/agusticarmona.es\/#\/schema\/person\/image\/\"}}]}<\/script>\n<!-- \/ Yoast SEO plugin. -->","yoast_head_json":{"title":"Conferencias - Agust\u00ed Carmona","robots":{"index":"index","follow":"follow","max-snippet":"max-snippet:-1","max-image-preview":"max-image-preview:large","max-video-preview":"max-video-preview:-1"},"canonical":"https:\/\/agusticarmona.es\/index.php\/conferencias\/","og_locale":"es_ES","og_type":"article","og_title":"Conferencias - Agust\u00ed Carmona","og_description":"POR EL MUNDO EN MOTO CONFERENCIAS VIAJERAS Soy una\u00a0mezcla\u00a0de todas las personas que he conocido a lo largo y ancho de la geograf\u00eda. Contacto MOTIVACI\u00d3N VIAJERA Me gusta considerarme parte de esta parcela a la que llamamos tierra. Parcela que me encanta recorrer en moto, aunque en el fondo sigo siendo ese ni\u00f1o, algo rebelde [&hellip;]","og_url":"https:\/\/agusticarmona.es\/index.php\/conferencias\/","og_site_name":"Agust\u00ed Carmona","article_modified_time":"2023-10-23T16:18:05+00:00","og_image":[{"url":"https:\/\/agusticarmona.es\/wp-content\/uploads\/2023\/10\/vlcsnap-2022-07-07-09h50m20s620-e1696665756612-1024x656.png"}],"twitter_card":"summary_large_image","twitter_misc":{"Tiempo de lectura":"1 minuto"},"schema":{"@context":"https:\/\/schema.org","@graph":[{"@type":"WebPage","@id":"https:\/\/agusticarmona.es\/index.php\/conferencias\/","url":"https:\/\/agusticarmona.es\/index.php\/conferencias\/","name":"Conferencias - Agust\u00ed Carmona","isPartOf":{"@id":"https:\/\/agusticarmona.es\/#website"},"datePublished":"2017-06-19T03:41:37+00:00","dateModified":"2023-10-23T16:18:05+00:00","inLanguage":"es","potentialAction":[{"@type":"ReadAction","target":["https:\/\/agusticarmona.es\/index.php\/conferencias\/"]}]},{"@type":"WebSite","@id":"https:\/\/agusticarmona.es\/#website","url":"https:\/\/agusticarmona.es\/","name":"Agust\u00ed Carmona","description":"Viajando en moto por el mundo","publisher":{"@id":"https:\/\/agusticarmona.es\/#\/schema\/person\/4a10fd4f25c9be529f75cdd962f516b9"},"alternateName":"Viajando en moto por el mundo","potentialAction":[{"@type":"SearchAction","target":{"@type":"EntryPoint","urlTemplate":"https:\/\/agusticarmona.es\/?s={search_term_string}"},"query-input":"required name=search_term_string"}],"inLanguage":"es"},{"@type":["Person","Organization"],"@id":"https:\/\/agusticarmona.es\/#\/schema\/person\/4a10fd4f25c9be529f75cdd962f516b9","name":"Agusti Carmona","image":{"@type":"ImageObject","inLanguage":"es","@id":"https:\/\/agusticarmona.es\/#\/schema\/person\/image\/","url":"https:\/\/secure.gravatar.com\/avatar\/1f72779a1f8eaa480fc086ed1efc95f7?s=96&d=mm&r=g","contentUrl":"https:\/\/secure.gravatar.com\/avatar\/1f72779a1f8eaa480fc086ed1efc95f7?s=96&d=mm&r=g","caption":"Agusti Carmona"},"logo":{"@id":"https:\/\/agusticarmona.es\/#\/schema\/person\/image\/"}}]}},"uagb_featured_image_src":{"full":false,"thumbnail":false,"medium":false,"medium_large":false,"large":false,"1536x1536":false,"2048x2048":false,"woocommerce_thumbnail":false,"woocommerce_single":false,"woocommerce_gallery_thumbnail":false},"uagb_author_info":{"display_name":"agusti.cr","author_link":"https:\/\/agusticarmona.es\/index.php\/author\/agusti-cr\/"},"uagb_comment_info":0,"uagb_excerpt":"POR EL MUNDO EN MOTO CONFERENCIAS VIAJERAS Soy una\u00a0mezcla\u00a0de todas las personas que he conocido a lo largo y ancho de la geograf\u00eda. Contacto MOTIVACI\u00d3N VIAJERA Me gusta considerarme parte de esta parcela a la que llamamos tierra. Parcela que me encanta recorrer en moto, aunque en el fondo sigo siendo ese ni\u00f1o, algo rebelde&hellip;","_links":{"self":[{"href":"https:\/\/agusticarmona.es\/index.php\/wp-json\/wp\/v2\/pages\/6498","targetHints":{"allow":["GET"]}}],"collection":[{"href":"https:\/\/agusticarmona.es\/index.php\/wp-json\/wp\/v2\/pages"}],"about":[{"href":"https:\/\/agusticarmona.es\/index.php\/wp-json\/wp\/v2\/types\/page"}],"author":[{"embeddable":true,"href":"https:\/\/agusticarmona.es\/index.php\/wp-json\/wp\/v2\/users\/1"}],"replies":[{"embeddable":true,"href":"https:\/\/agusticarmona.es\/index.php\/wp-json\/wp\/v2\/comments?post=6498"}],"version-history":[{"count":285,"href":"https:\/\/agusticarmona.es\/index.php\/wp-json\/wp\/v2\/pages\/6498\/revisions"}],"predecessor-version":[{"id":7925,"href":"https:\/\/agusticarmona.es\/index.php\/wp-json\/wp\/v2\/pages\/6498\/revisions\/7925"}],"wp:attachment":[{"href":"https:\/\/agusticarmona.es\/index.php\/wp-json\/wp\/v2\/media?parent=6498"}],"curies":[{"name":"wp","href":"https:\/\/api.w.org\/{rel}","templated":true}]}}